{"id":53,"date":"2013-11-04T19:18:26","date_gmt":"2013-11-04T18:18:26","guid":{"rendered":"http:\/\/www.ljustero.org\/itcafe\/?page_id=53"},"modified":"2015-10-15T11:52:35","modified_gmt":"2015-10-15T09:52:35","slug":"hem","status":"publish","type":"page","link":"http:\/\/www.ljustero.org\/itcafe\/hem\/","title":{"rendered":"Hem"},"content":{"rendered":"<p><strong>Kalender<br \/>\n<\/strong>Det\u00a0finns en flik f\u00f6r kalender. Styrelsen tar tacksamt emot f\u00f6rslag p\u00e5 teman f\u00f6r kommande utbildningsdagar.<\/p>\n<p><b>Biblioteket<br \/>\n<\/b>P\u00e5 biblioteket i Ljuster\u00f6 Skola kan Du f\u00e5 hj\u00e4lp med datorfr\u00e5gor.<br \/>\nEva Runs\u00f6 hj\u00e4lper till i m\u00e5n av tid.<b><br \/>\n<\/b>D\u00e4r finns ocks\u00e5 n\u00e5gra datorer och l\u00e4splattor som kan l\u00e5nas hem kortare tid.<b><\/b><\/p>\n<p>Biblioteket \u00e4r \u00f6ppet<br \/>\nonsdagar kl 13 &#8211; 18<br \/>\nfredagar kl 10 &#8211; 12 och 13 &#8211; 15<\/p>\n<p><b>Bakgrund<br \/>\n<\/b>Det finns m\u00e5nga personer, som har sv\u00e5rt att anv\u00e4nda PC-datorer f\u00f6r vardagsn\u00e4ra g\u00f6rom\u00e5l. Det moderna samh\u00e4llet kr\u00e4ver alltmer att vi kan anv\u00e4nda en dator f\u00f6r att sk\u00f6ta diverse g\u00f6rom\u00e5l s\u00e5som att betala r\u00e4kningar, sk\u00f6ta bank\u00e4renden, g\u00f6ra sj\u00e4lvdeklaration, kommunicera, s\u00f6ka information mm.<\/p>\n<p>En projektgrupp har skapats p\u00e5 Ljuster\u00f6 f\u00f6r att organisera utbildning och tr\u00e4ning i hur man, som privatperson, f\u00f6retagare eller skolelev, anv\u00e4nder IT (PC-dator).<\/p>\n<p><b>Projektm\u00e5l<br \/>\n<\/b>M\u00e5let \u00e4r att ordna en l\u00f6pande utbildningsverksamhet som ger deltagare n\u00f6dv\u00e4ndiga grundkunskaper f\u00f6r att sj\u00e4lvst\u00e4ndigt kunna utf\u00f6ra vardagliga sysslor med sin dator (eller m\u00f6jligen l\u00e4splatta). \u00d6nskem\u00e5let \u00e4r att det ska kosta mycket lite f\u00f6r deltagaren.<\/p>\n<p>Tanken \u00e4r att varannan\u00a0vecka ska deltagarna kunna tr\u00e4ffas och f\u00e5 hj\u00e4lp med att hantera sin dator, alltifr\u00e5n att skicka mail och sk\u00f6ta bank\u00e4renden till att hantera foton.<\/p>\n<p>Om Du har fr\u00e5gor, synpunkter eller f\u00f6rslag s\u00e5 kan Du maila till <a href=\"mailto:it-cafe@ljustero.se\">it-cafe@ljustero.se<\/a><\/p>\n<p><strong>Symbaloo webmix<br \/>\n<\/strong>H\u00e4r kan Du prova en webmix med Symbaloo\u00a0\u00a0\u00a0\u00a0 <strong><a title=\"Ljuster\u00f6 IT-Caf\u00e9 webmix\" href=\"http:\/\/www.symbaloo.com\/mix\/ljusteroit-cafe\" target=\"_blank\">Webmix Ljuster\u00f6 IT-Caf\u00e9<\/a><\/strong><\/p>\n<p><strong>\u00c5rsm\u00f6te<br \/>\n<\/strong><span style=\"line-height: 1.71429; font-size: 1rem;\">F\u00f6reningen Ljuster\u00f6 IT-caf\u00e9 h\u00e5ller \u00e5rsm\u00f6te , vanligtvis under april m\u00e5nad i Skolan.\u00a0Efter m\u00f6tet forts\u00e4tter vi med verkstad.<\/span><\/p>\n<p>&nbsp;<\/p>\n","protected":false},"excerpt":{"rendered":"<p>Kalender Det\u00a0finns en flik f\u00f6r kalender. Styrelsen tar tacksamt emot f\u00f6rslag p\u00e5 teman f\u00f6r kommande utbildningsdagar. Biblioteket P\u00e5 biblioteket i Ljuster\u00f6 Skola kan Du f\u00e5 hj\u00e4lp med datorfr\u00e5gor. Eva Runs\u00f6 hj\u00e4lper till i m\u00e5n av tid. D\u00e4r finns ocks\u00e5 n\u00e5gra datorer och l\u00e4splattor som kan l\u00e5nas hem kortare tid. Biblioteket \u00e4r \u00f6ppet onsdagar kl 13 [&hellip;]<\/p>\n","protected":false},"author":1,"featured_media":0,"parent":0,"menu_order":0,"comment_status":"closed","ping_status":"open","template":"","meta":{"footnotes":""},"class_list":["post-53","page","type-page","status-publish","hentry"],"_links":{"self":[{"href":"http:\/\/www.ljustero.org\/itcafe\/wp-json\/wp\/v2\/pages\/53","targetHints":{"allow":["GET"]}}],"collection":[{"href":"http:\/\/www.ljustero.org\/itcafe\/wp-json\/wp\/v2\/pages"}],"about":[{"href":"http:\/\/www.ljustero.org\/itcafe\/wp-json\/wp\/v2\/types\/page"}],"author":[{"embeddable":true,"href":"http:\/\/www.ljustero.org\/itcafe\/wp-json\/wp\/v2\/users\/1"}],"replies":[{"embeddable":true,"href":"http:\/\/www.ljustero.org\/itcafe\/wp-json\/wp\/v2\/comments?post=53"}],"version-history":[{"count":17,"href":"http:\/\/www.ljustero.org\/itcafe\/wp-json\/wp\/v2\/pages\/53\/revisions"}],"predecessor-version":[{"id":108,"href":"http:\/\/www.ljustero.org\/itcafe\/wp-json\/wp\/v2\/pages\/53\/revisions\/108"}],"wp:attachment":[{"href":"http:\/\/www.ljustero.org\/itcafe\/wp-json\/wp\/v2\/media?parent=53"}],"curies":[{"name":"wp","href":"https:\/\/api.w.org\/{rel}","templated":true}]}}