{"id":150,"date":"2017-02-20T13:26:54","date_gmt":"2017-02-20T12:26:54","guid":{"rendered":"http:\/\/www.ljustero.org\/ljustero-koren\/?page_id=150"},"modified":"2025-10-24T05:12:03","modified_gmt":"2025-10-24T03:12:03","slug":"hem","status":"publish","type":"page","link":"http:\/\/www.ljustero.org\/ljustero-koren\/hem\/","title":{"rendered":"Om oss"},"content":{"rendered":"<p>F\u00f6reningen Ljuster\u00f6k\u00f6ren \u00e4r en sk\u00e4rg\u00e5rdsk\u00f6r, vars medlemmar kommer fr\u00e5n Ljuster\u00f6 och n\u00e4rmaste omgivning. Vi gillar att sjunga allt ifr\u00e5n folkvisor och popul\u00e4rmusik till kyrkomusik.<\/p>\n<p><a href=\"http:\/\/www.ljustero.org\/ljustero-koren\/wp-content\/uploads\/sites\/4\/2013\/08\/\u00c5sa-i-toppform-200-.jpg\"><img loading=\"lazy\" decoding=\"async\" class=\"alignnone size-full wp-image-13\" src=\"http:\/\/www.ljustero.org\/ljustero-koren\/wp-content\/uploads\/sites\/4\/2013\/08\/\u00c5sa-i-toppform-200-.jpg\" alt=\"\u00c5sa i toppform 200\" width=\"200\" height=\"100\" \/><\/a><\/p>\n<p>Vi sjunger p\u00e5 olika st\u00e4llen s\u00e5som i v\u00e5ra kyrkor, i Bygdeg\u00e5rden, vid majbrasan, i Hamnen\u00a0mm.\u00a0Vi kommer \u00e4ven g\u00e4rna och sjunger f\u00f6r f\u00f6retag, f\u00f6reningar och p\u00e5 privata fester. Vi \u00e4r \u00e4ven Ljuster\u00f6-Kulla f\u00f6rsamlings kyrkok\u00f6r, <a href=\"https:\/\/www.svenskakyrkan.se\/osteraker\/ljustero-kulla-forsamling\" target=\"_blank\" rel=\"noopener\">se f\u00f6rsamlingens hemsida<\/a><\/p>\n<p>Herrarna i k\u00f6ren har bildat mansk\u00f6ren \u00d6kvarten. Den g\u00f6r framtr\u00e4danden lite d\u00e5 och d\u00e5.<\/p>\n<p><strong>Aktuellt<\/strong><br \/>\nF\u00f6r aktuellt program, se fliken Kalender.<\/p>\n<p><strong>Gillar Du att sjunga?<\/strong><br \/>\nG\u00e5 med i Ljuster\u00f6K\u00f6ren!<br \/>\nKontakta Anders Lindhoff 0708-681651<\/p>\n","protected":false},"excerpt":{"rendered":"<p>F\u00f6reningen Ljuster\u00f6k\u00f6ren \u00e4r en sk\u00e4rg\u00e5rdsk\u00f6r, vars medlemmar kommer fr\u00e5n Ljuster\u00f6 och n\u00e4rmaste omgivning. Vi gillar att sjunga allt ifr\u00e5n folkvisor och popul\u00e4rmusik till kyrkomusik. Vi sjunger p\u00e5 olika st\u00e4llen s\u00e5som i v\u00e5ra kyrkor, i Bygdeg\u00e5rden, vid majbrasan, i Hamnen\u00a0mm.\u00a0Vi kommer \u00e4ven g\u00e4rna och sjunger f\u00f6r f\u00f6retag, f\u00f6reningar och p\u00e5 privata fester. Vi \u00e4r \u00e4ven Ljuster\u00f6-Kulla [&hellip;]<\/p>\n","protected":false},"author":1,"featured_media":0,"parent":0,"menu_order":0,"comment_status":"closed","ping_status":"closed","template":"","meta":{"footnotes":""},"class_list":["post-150","page","type-page","status-publish","hentry"],"_links":{"self":[{"href":"http:\/\/www.ljustero.org\/ljustero-koren\/wp-json\/wp\/v2\/pages\/150","targetHints":{"allow":["GET"]}}],"collection":[{"href":"http:\/\/www.ljustero.org\/ljustero-koren\/wp-json\/wp\/v2\/pages"}],"about":[{"href":"http:\/\/www.ljustero.org\/ljustero-koren\/wp-json\/wp\/v2\/types\/page"}],"author":[{"embeddable":true,"href":"http:\/\/www.ljustero.org\/ljustero-koren\/wp-json\/wp\/v2\/users\/1"}],"replies":[{"embeddable":true,"href":"http:\/\/www.ljustero.org\/ljustero-koren\/wp-json\/wp\/v2\/comments?post=150"}],"version-history":[{"count":5,"href":"http:\/\/www.ljustero.org\/ljustero-koren\/wp-json\/wp\/v2\/pages\/150\/revisions"}],"predecessor-version":[{"id":307,"href":"http:\/\/www.ljustero.org\/ljustero-koren\/wp-json\/wp\/v2\/pages\/150\/revisions\/307"}],"wp:attachment":[{"href":"http:\/\/www.ljustero.org\/ljustero-koren\/wp-json\/wp\/v2\/media?parent=150"}],"curies":[{"name":"wp","href":"https:\/\/api.w.org\/{rel}","templated":true}]}}