{"id":169,"date":"2016-03-06T18:33:26","date_gmt":"2016-03-06T17:33:26","guid":{"rendered":"http:\/\/www.ljustero.org\/ljustero-linedance\/?page_id=169"},"modified":"2016-03-06T18:33:26","modified_gmt":"2016-03-06T17:33:26","slug":"dans2-doc","status":"publish","type":"page","link":"http:\/\/www.ljustero.org\/ljustero-linedance\/dans2-doc\/","title":{"rendered":"Dans2.doc"},"content":{"rendered":"<p>Nu ett Word dokument med l\u00e4nkar<\/p>\n<p><iframe loading=\"lazy\" src=\"https:\/\/docs.google.com\/document\/d\/1pIA7JkeRcqIi0Lyv4OiHqrZHbcE0rpFzI5j0TpHSfpo\/preview\" width=\"640\" height=\"480\"><\/iframe><\/p>\n<p>D\u00e4r jag trixade f\u00f6r att f\u00e5 embedded koden genom att ta koden ur Dans2.pdf, klippa bort kod f\u00f6r sj\u00e4lva pdf_filen och l\u00e4gga in kod f\u00f6r word-filen.<\/p>\n","protected":false},"excerpt":{"rendered":"<p>Nu ett Word dokument med l\u00e4nkar D\u00e4r jag trixade f\u00f6r att f\u00e5 embedded koden genom att ta koden ur Dans2.pdf, klippa bort kod f\u00f6r sj\u00e4lva pdf_filen och l\u00e4gga in kod f\u00f6r word-filen.<\/p>\n","protected":false},"author":1,"featured_media":0,"parent":0,"menu_order":0,"comment_status":"closed","ping_status":"closed","template":"","meta":{"footnotes":""},"class_list":["post-169","page","type-page","status-publish","hentry"],"_links":{"self":[{"href":"http:\/\/www.ljustero.org\/ljustero-linedance\/wp-json\/wp\/v2\/pages\/169","targetHints":{"allow":["GET"]}}],"collection":[{"href":"http:\/\/www.ljustero.org\/ljustero-linedance\/wp-json\/wp\/v2\/pages"}],"about":[{"href":"http:\/\/www.ljustero.org\/ljustero-linedance\/wp-json\/wp\/v2\/types\/page"}],"author":[{"embeddable":true,"href":"http:\/\/www.ljustero.org\/ljustero-linedance\/wp-json\/wp\/v2\/users\/1"}],"replies":[{"embeddable":true,"href":"http:\/\/www.ljustero.org\/ljustero-linedance\/wp-json\/wp\/v2\/comments?post=169"}],"version-history":[{"count":2,"href":"http:\/\/www.ljustero.org\/ljustero-linedance\/wp-json\/wp\/v2\/pages\/169\/revisions"}],"predecessor-version":[{"id":181,"href":"http:\/\/www.ljustero.org\/ljustero-linedance\/wp-json\/wp\/v2\/pages\/169\/revisions\/181"}],"wp:attachment":[{"href":"http:\/\/www.ljustero.org\/ljustero-linedance\/wp-json\/wp\/v2\/media?parent=169"}],"curies":[{"name":"wp","href":"https:\/\/api.w.org\/{rel}","templated":true}]}}