{"id":49,"date":"2013-11-04T19:02:39","date_gmt":"2013-11-04T18:02:39","guid":{"rendered":"http:\/\/www.ljustero.org\/itcafe\/?page_id=47"},"modified":"2016-03-04T00:41:26","modified_gmt":"2016-03-03T23:41:26","slug":"kalender","status":"publish","type":"page","link":"http:\/\/www.ljustero.org\/ljustero-linedance\/kalender\/","title":{"rendered":"Kalender"},"content":{"rendered":"<h2>Ljuster\u00f6\u00a0Linedancers tr\u00e4ningar\u00a0VT 2016<\/h2>\n<p>Danstr\u00e4ningar sker p\u00e5 Granliden<\/p>\n<p><b>Alla medlemmar<br \/>\n<\/b>tr\u00e4ffas\u00a0varje\u00a0torsdag \u00a0kl 13 f\u00f6r danstr\u00e4ning p\u00e5 Granliden, utom p\u00e5<br \/>\nSk\u00e4rtosrsagen den\u00a024\/4.<br \/>\nEfter \u00f6verenskommelse g\u00f6r vi \u00e4ven f\u00f6rtr\u00e4ning kl 12:30.<\/p>\n<p><strong>Avslutning<\/strong><br \/>\nVi har avslutning den 24\/4 med lite fika och tilltugg.<\/p>\n","protected":false},"excerpt":{"rendered":"<p>Ljuster\u00f6\u00a0Linedancers tr\u00e4ningar\u00a0VT 2016 Danstr\u00e4ningar sker p\u00e5 Granliden Alla medlemmar tr\u00e4ffas\u00a0varje\u00a0torsdag \u00a0kl 13 f\u00f6r danstr\u00e4ning p\u00e5 Granliden, utom p\u00e5 Sk\u00e4rtosrsagen den\u00a024\/4. Efter \u00f6verenskommelse g\u00f6r vi \u00e4ven f\u00f6rtr\u00e4ning kl 12:30. Avslutning Vi har avslutning den 24\/4 med lite fika och tilltugg.<\/p>\n","protected":false},"author":1,"featured_media":0,"parent":0,"menu_order":0,"comment_status":"closed","ping_status":"open","template":"","meta":{"footnotes":""},"class_list":["post-49","page","type-page","status-publish","hentry"],"_links":{"self":[{"href":"http:\/\/www.ljustero.org\/ljustero-linedance\/wp-json\/wp\/v2\/pages\/49","targetHints":{"allow":["GET"]}}],"collection":[{"href":"http:\/\/www.ljustero.org\/ljustero-linedance\/wp-json\/wp\/v2\/pages"}],"about":[{"href":"http:\/\/www.ljustero.org\/ljustero-linedance\/wp-json\/wp\/v2\/types\/page"}],"author":[{"embeddable":true,"href":"http:\/\/www.ljustero.org\/ljustero-linedance\/wp-json\/wp\/v2\/users\/1"}],"replies":[{"embeddable":true,"href":"http:\/\/www.ljustero.org\/ljustero-linedance\/wp-json\/wp\/v2\/comments?post=49"}],"version-history":[{"count":2,"href":"http:\/\/www.ljustero.org\/ljustero-linedance\/wp-json\/wp\/v2\/pages\/49\/revisions"}],"predecessor-version":[{"id":143,"href":"http:\/\/www.ljustero.org\/ljustero-linedance\/wp-json\/wp\/v2\/pages\/49\/revisions\/143"}],"wp:attachment":[{"href":"http:\/\/www.ljustero.org\/ljustero-linedance\/wp-json\/wp\/v2\/media?parent=49"}],"curies":[{"name":"wp","href":"https:\/\/api.w.org\/{rel}","templated":true}]}}