{"id":53,"date":"2013-11-04T19:18:26","date_gmt":"2013-11-04T18:18:26","guid":{"rendered":"http:\/\/www.ljustero.org\/itcafe\/?page_id=53"},"modified":"2016-03-03T16:49:35","modified_gmt":"2016-03-03T15:49:35","slug":"hem-2","status":"publish","type":"page","link":"http:\/\/www.ljustero.org\/ljustero-linedance\/","title":{"rendered":"Hem"},"content":{"rendered":"<p><strong>Ljuster\u00f6 Linedance \u00e4r &#8230;..<br \/>\n<\/strong>ja, vad &#8230;&#8230;&#8230;&#8230;&#8230;&#8230;&#8230;.<\/p>\n<p><strong>Kalender<br \/>\n<\/strong>Det\u00a0finns en flik f\u00f6r kalender.\u00a0H\u00e4r kan Du se vilka veckor som vi tr\u00e4nar.<\/p>\n<p>&nbsp;<\/p>\n<p><b>Bakgrund<br \/>\n<\/b>Det \u00e4r bra att &#8230;<\/p>\n<p><strong>Kalender<br \/>\n<\/strong>Det\u00a0finns en flik f\u00f6r kalender.\u00a0H\u00e4r kan Du se vilka veskor som vi tr\u00e4nar.<\/p>\n<p>&nbsp;<\/p>\n<p><strong>Kursdagbok<br \/>\n<\/strong>H\u00e4r finns l\u00e4nkar till aktuella danser som visas p\u00e5 Youtube.<strong><\/p>\n<p><\/strong><\/p>\n","protected":false},"excerpt":{"rendered":"<p>Ljuster\u00f6 Linedance \u00e4r &#8230;.. ja, vad &#8230;&#8230;&#8230;&#8230;&#8230;&#8230;&#8230;. Kalender Det\u00a0finns en flik f\u00f6r kalender.\u00a0H\u00e4r kan Du se vilka veckor som vi tr\u00e4nar. &nbsp; Bakgrund Det \u00e4r bra att &#8230; Kalender Det\u00a0finns en flik f\u00f6r kalender.\u00a0H\u00e4r kan Du se vilka veskor som vi tr\u00e4nar. &nbsp; Kursdagbok H\u00e4r finns l\u00e4nkar till aktuella danser som visas p\u00e5 Youtube.<\/p>\n","protected":false},"author":1,"featured_media":0,"parent":0,"menu_order":0,"comment_status":"closed","ping_status":"open","template":"","meta":{"footnotes":""},"class_list":["post-53","page","type-page","status-publish","hentry"],"_links":{"self":[{"href":"http:\/\/www.ljustero.org\/ljustero-linedance\/wp-json\/wp\/v2\/pages\/53","targetHints":{"allow":["GET"]}}],"collection":[{"href":"http:\/\/www.ljustero.org\/ljustero-linedance\/wp-json\/wp\/v2\/pages"}],"about":[{"href":"http:\/\/www.ljustero.org\/ljustero-linedance\/wp-json\/wp\/v2\/types\/page"}],"author":[{"embeddable":true,"href":"http:\/\/www.ljustero.org\/ljustero-linedance\/wp-json\/wp\/v2\/users\/1"}],"replies":[{"embeddable":true,"href":"http:\/\/www.ljustero.org\/ljustero-linedance\/wp-json\/wp\/v2\/comments?post=53"}],"version-history":[{"count":2,"href":"http:\/\/www.ljustero.org\/ljustero-linedance\/wp-json\/wp\/v2\/pages\/53\/revisions"}],"predecessor-version":[{"id":132,"href":"http:\/\/www.ljustero.org\/ljustero-linedance\/wp-json\/wp\/v2\/pages\/53\/revisions\/132"}],"wp:attachment":[{"href":"http:\/\/www.ljustero.org\/ljustero-linedance\/wp-json\/wp\/v2\/media?parent=53"}],"curies":[{"name":"wp","href":"https:\/\/api.w.org\/{rel}","templated":true}]}}