{"id":6,"date":"2013-09-29T09:23:57","date_gmt":"2013-09-29T07:23:57","guid":{"rendered":"http:\/\/www.ljustero.org\/vadholma-vagforening\/?page_id=6"},"modified":"2025-03-13T21:13:01","modified_gmt":"2025-03-13T20:13:01","slug":"hem","status":"publish","type":"page","link":"http:\/\/www.ljustero.org\/vadholma-vagforening\/hem\/","title":{"rendered":"Om f\u00f6reningen"},"content":{"rendered":"<p><strong>Information om Vadholma samf\u00e4llighetsf\u00f6rening<\/strong><\/p>\n<p>F\u00f6reningens omr\u00e5de \u00e4r bel\u00e4get i Vadholma, strax s\u00f6der om Ljuster\u00f6 Huvud intill Laggarsvik p\u00e5 s\u00f6dra Ljuster\u00f6. Vi har f n ca 80 fastighets\u00e4gare som medlemmar och r\u00e4knar inte med n\u00e5gon omfattande nybyggnation. F\u00f6reningens v\u00e4gar omfattar ca 2 300 meter grusv\u00e4g och 700 meter belagd v\u00e4g.<\/p>\n<p>L\u00f6pande underh\u00e5ll administreras av styrelsen, vilken l\u00e4mnar ut uppdrag till olika entrepren\u00f6rer f\u00f6r sn\u00f6r\u00f6jning, f\u00f6rb\u00e4ttring av k\u00f6rbanor, mm. F\u00f6rutom \u00e5rsm\u00f6te anordnas \u00e5rligen en st\u00e4ddag som infaller f\u00f6rsta l\u00f6rdagen i oktober.<\/p>\n<p>F\u00f6reningen styrs av v\u00e5ra stadgar samt v\u00e5rt anl\u00e4ggningsbeslut. Relevanta dokument finns under filarkiv.<\/p>\n","protected":false},"excerpt":{"rendered":"<p>Information om Vadholma samf\u00e4llighetsf\u00f6rening F\u00f6reningens omr\u00e5de \u00e4r bel\u00e4get i Vadholma, strax s\u00f6der om Ljuster\u00f6 Huvud intill Laggarsvik p\u00e5 s\u00f6dra Ljuster\u00f6. Vi har f n ca 80 fastighets\u00e4gare som medlemmar och r\u00e4knar inte med n\u00e5gon omfattande nybyggnation. F\u00f6reningens v\u00e4gar omfattar ca 2 300 meter grusv\u00e4g och 700 meter belagd v\u00e4g. L\u00f6pande underh\u00e5ll administreras av styrelsen, vilken [&hellip;]<\/p>\n","protected":false},"author":1,"featured_media":0,"parent":0,"menu_order":0,"comment_status":"closed","ping_status":"open","template":"","meta":{"footnotes":""},"class_list":["post-6","page","type-page","status-publish","hentry"],"_links":{"self":[{"href":"http:\/\/www.ljustero.org\/vadholma-vagforening\/wp-json\/wp\/v2\/pages\/6","targetHints":{"allow":["GET"]}}],"collection":[{"href":"http:\/\/www.ljustero.org\/vadholma-vagforening\/wp-json\/wp\/v2\/pages"}],"about":[{"href":"http:\/\/www.ljustero.org\/vadholma-vagforening\/wp-json\/wp\/v2\/types\/page"}],"author":[{"embeddable":true,"href":"http:\/\/www.ljustero.org\/vadholma-vagforening\/wp-json\/wp\/v2\/users\/1"}],"replies":[{"embeddable":true,"href":"http:\/\/www.ljustero.org\/vadholma-vagforening\/wp-json\/wp\/v2\/comments?post=6"}],"version-history":[{"count":15,"href":"http:\/\/www.ljustero.org\/vadholma-vagforening\/wp-json\/wp\/v2\/pages\/6\/revisions"}],"predecessor-version":[{"id":360,"href":"http:\/\/www.ljustero.org\/vadholma-vagforening\/wp-json\/wp\/v2\/pages\/6\/revisions\/360"}],"wp:attachment":[{"href":"http:\/\/www.ljustero.org\/vadholma-vagforening\/wp-json\/wp\/v2\/media?parent=6"}],"curies":[{"name":"wp","href":"https:\/\/api.w.org\/{rel}","templated":true}]}}